{"id":498,"date":"2018-05-17T14:42:17","date_gmt":"2018-05-17T14:42:17","guid":{"rendered":"http:\/\/centralnet.psi.br\/?page_id=498"},"modified":"2018-08-15T20:47:29","modified_gmt":"2018-08-15T20:47:29","slug":"sky-tv","status":"publish","type":"page","link":"https:\/\/centralnet.psi.br\/?page_id=498","title":{"rendered":"SKY TV"},"content":{"rendered":"<div id=\"pl-498\"  class=\"panel-layout\" ><div id=\"pg-498-0\"  class=\"panel-grid panel-has-style\" ><div class=\"siteorigin-panels-stretch panel-row-style panel-row-style-for-498-0\" data-stretch-type=\"full-stretched\" ><div id=\"pgc-498-0-0\"  class=\"panel-grid-cell\" ><div id=\"panel-498-0-0-0\" class=\"so-panel widget widget_sow-hero panel-first-child panel-last-child\" data-index=\"0\" ><div\n\t\t\t\n\t\t\tclass=\"so-widget-sow-hero so-widget-sow-hero-default-ce53a6ff1668-498\"\n\t\t\t\n\t\t>\t\t\t\t<div class=\"sow-slider-base\" style=\"display: none\" tabindex=\"0\">\n\t\t\t\t\t<ul\n\t\t\t\t\tclass=\"sow-slider-images\"\n\t\t\t\t\tdata-settings=\"{&quot;pagination&quot;:true,&quot;speed&quot;:800,&quot;timeout&quot;:3000,&quot;paused&quot;:false,&quot;pause_on_hover&quot;:false,&quot;swipe&quot;:false,&quot;nav_always_show_desktop&quot;:&quot;&quot;,&quot;nav_always_show_mobile&quot;:&quot;&quot;,&quot;breakpoint&quot;:&quot;780px&quot;,&quot;unmute&quot;:false,&quot;anchor&quot;:null}\"\n\t\t\t\t\tstyle=\"min-height: 500px\"\t\t\t\t\tdata-anchor-id=\"\"\n\t\t\t\t>\t\t<li class=\"sow-slider-image  sow-slider-image-cover\" style=\"visibility: visible;;background-color: #333333\" >\n\t\t\t\t\t<div class=\"sow-slider-image-container\">\n\t\t\t<div class=\"sow-slider-image-wrapper\">\n\t\t\t\t\t\t\t<\/div>\n\t\t<\/div>\n\t\t<div class=\"sow-slider-image-overlay sow-slider-image-cover\" style=\"opacity: 0.5;background-image: url(https:\/\/centralnet.psi.br\/wp-content\/uploads\/2018\/05\/pacote-sky-tv-master-hd-banner.jpg)\"  ><\/div>\t\t<\/li>\n\t\t\t\t<li class=\"sow-slider-image  sow-slider-image-cover\" style=\"visibility: hidden;;background-color: #333333\" data-background=\"url(https:\/\/centralnet.psi.br\/wp-content\/uploads\/2018\/05\/1920x560_img_sky_copa.jpg)\" >\n\t\t\t\t\t<div class=\"sow-slider-image-container\">\n\t\t\t<div class=\"sow-slider-image-wrapper\">\n\t\t\t\t\t\t\t<\/div>\n\t\t<\/div>\n\t\t\t\t<\/li>\n\t\t<\/ul>\t\t\t\t<ol class=\"sow-slider-pagination\">\n\t\t\t\t\t\t\t\t\t\t\t<li><a href=\"#\" data-goto=\"0\" aria-label=\"Display slide 1\"><\/a><\/li>\n\t\t\t\t\t\t\t\t\t\t\t<li><a href=\"#\" data-goto=\"1\" aria-label=\"Display slide 2\"><\/a><\/li>\n\t\t\t\t\t\t\t\t\t<\/ol>\n\n\t\t\t\t<div class=\"sow-slide-nav sow-slide-nav-next\">\n\t\t\t\t\t<a href=\"#\" data-goto=\"next\" aria-label=\"Next slide\" data-action=\"next\">\n\t\t\t\t\t\t<em class=\"sow-sld-icon-thin-right\"><\/em>\n\t\t\t\t\t<\/a>\n\t\t\t\t<\/div>\n\n\t\t\t\t<div class=\"sow-slide-nav sow-slide-nav-prev\">\n\t\t\t\t\t<a href=\"#\" data-goto=\"previous\" aria-label=\"Previous slide\" data-action=\"prev\">\n\t\t\t\t\t\t<em class=\"sow-sld-icon-thin-left\"><\/em>\n\t\t\t\t\t<\/a>\n\t\t\t\t<\/div>\n\t\t\t\t<\/div><\/div><\/div><\/div><\/div><\/div><div id=\"pg-498-1\"  class=\"panel-grid panel-has-style\" ><div class=\"siteorigin-panels-stretch panel-row-style panel-row-style-for-498-1\" data-stretch-type=\"full\" ><div id=\"pgc-498-1-0\"  class=\"panel-grid-cell\" ><div id=\"panel-498-1-0-0\" class=\"so-panel widget widget_sow-headline panel-first-child\" data-index=\"1\" ><div class=\"panel-widget-style panel-widget-style-for-498-1-0-0\" ><div\n\t\t\t\n\t\t\tclass=\"so-widget-sow-headline so-widget-sow-headline-default-b2810af760cb-498\"\n\t\t\t\n\t\t><div class=\"sow-headline-container \">\n\t\t\t\t\t\t\t<h1 class=\"sow-headline\">\n\t\t\t\t\t\tHDTV \u00e9 isso!!\t\t\t\t\t\t<\/h1>\n\t\t\t\t\t\t\t\t\t\t\t\t<h3 class=\"sow-sub-headline\">\n\t\t\t\t\t\tTenha o melhor conte\u00fado da TV por assinatura com a SKY! O que era bom ficou ainda melhor, agora Mat\u00e3o tem SKY. S\u00e3o 20 anos de experiencia no mercado aliados com o maior conte\u00fado de TV por assinatura.\t\t\t\t\t\t<\/h3>\n\t\t\t\t\t\t<\/div>\n<\/div><\/div><\/div><div id=\"panel-498-1-0-1\" class=\"so-panel widget widget_sow-button panel-last-child\" data-index=\"2\" ><div\n\t\t\t\n\t\t\tclass=\"so-widget-sow-button so-widget-sow-button-wire-1038cf0caefd-498\"\n\t\t\t\n\t\t><div class=\"ow-button-base ow-button-align-center\"\n>\n\t\t\t<a\n\t\t\t\t\thref=\"https:\/\/centralnet.psi.br\/?page_id=54\"\n\t\t\t\t\tclass=\"sowb-button ow-icon-placement-left ow-button-hover\" \t>\n\t\t<span>\n\t\t\t\n\t\t\tAssine J\u00e1!\t\t<\/span>\n\t\t\t<\/a>\n\t<\/div>\n<\/div><\/div><\/div><\/div><\/div><div id=\"pg-498-2\"  class=\"panel-grid panel-has-style\" ><div class=\"siteorigin-panels-stretch panel-row-style panel-row-style-for-498-2\" data-stretch-type=\"full\" ><div id=\"pgc-498-2-0\"  class=\"panel-grid-cell\" ><div id=\"panel-498-2-0-0\" class=\"so-panel widget widget_sow-headline panel-first-child\" data-index=\"3\" ><div class=\"panel-widget-style panel-widget-style-for-498-2-0-0\" ><div\n\t\t\t\n\t\t\tclass=\"so-widget-sow-headline so-widget-sow-headline-default-25638374aa08-498\"\n\t\t\t\n\t\t><div class=\"sow-headline-container \">\n\t\t\t\t\t\t\t<h1 class=\"sow-headline\">\n\t\t\t\t\t\tSKY PR\u00c9 PAGO\t\t\t\t\t\t<\/h1>\n\t\t\t\t\t\t\t\t\t\t\t\t<h3 class=\"sow-sub-headline\">\n\t\t\t\t\t\tEscolha os canais que voc\u00ea quer assistir e pague mais barato!!!! No pr\u00f3ximo m\u00eas voc\u00ea pode trocar tudo novamente!!!\t\t\t\t\t\t<\/h3>\n\t\t\t\t\t\t<\/div>\n<\/div><\/div><\/div><div id=\"panel-498-2-0-1\" class=\"so-panel widget widget_sow-features panel-last-child\" data-index=\"4\" ><div\n\t\t\t\n\t\t\tclass=\"so-widget-sow-features so-widget-sow-features-default-4d46cbd6fda0-498\"\n\t\t\t\n\t\t><ul\n\tclass=\"sow-features-list\n\tsow-features-responsive\">\n\n\t\t\t<li\n\t\t\tclass=\"sow-features-feature sow-icon-container-position-top\"\n\t\t\tstyle=\"display: flex; flex-direction: column; width: calc(33.333% - 25px);\"\n\t\t>\n\t\t\t\n\t\t\t\t\t\t\t<div class=\"sow-features-feature-right-left-container\" style=\"display: flex; flex-direction: inherit;\">\n\t\t\t\t\t\t\t<div\t\t\t\tclass=\"sow-icon-container sow-container-round\"\n\t\t\t\tstyle=\"color: #dd3333; \"\n\t\t\t\ttitle=\"48 canais\"\n\t\t\t\t\t\t\t>\n\t\t\t\t<span class=\"sow-icon-icomoon\" data-sow-icon=\"&#xe95b;\"\n\t\tstyle=\"font-size: 50px; color: #ffffff\" \n\t\taria-hidden=\"true\"><\/span>\t\t\t<\/div>\n\n\t\t\t<div class=\"textwidget\">\n\t\t\t\t\t\t\t\t\t<div class=\"sow-features-feature-content\">\n\t\t\t\t\n\t\t\t\t\t\t\t\t\t<h5 class=\"sow-features-feature-title\">\n\t\t\t\t\t\tDIGITAL\t\t\t\t\t<\/h5>\n\t\t\t\t\n\t\t\t\t\t\t\t\t\t<div class=\"sow-features-feature-text\">\n\t\t\t\t\t<p>Imagem e som 100% digitais. Canais abertos + R\u00e1dios + P\u00fablicos + Cortesia<\/p>\n\t\t\t\t\t<\/div>\n\t\t\t\t\t\t\t\t\t\t<\/div>\n\t\t\t\t\t<p class=\"sow-more-text\">\n\t\t\t\t\t\t<a href=\"https:\/\/centralnet.psi.br\/?page_id=498\" >\t\t\t\t\t\tAssine J\u00e1\t\t\t\t\t\t<\/a>\t\t\t\t\t<\/p>\n\t\t\t\t\t\t\t<\/div>\n\t\t\t\t\t\t\t<\/div>\n\t\t\t\t\t\t\t\t<\/li>\n\n\t\t\t<li\n\t\t\tclass=\"sow-features-feature sow-icon-container-position-top\"\n\t\t\tstyle=\"display: flex; flex-direction: column; width: calc(33.333% - 25px);\"\n\t\t>\n\t\t\t\n\t\t\t\t\t\t\t<div class=\"sow-features-feature-right-left-container\" style=\"display: flex; flex-direction: inherit;\">\n\t\t\t\t\t\t\t<div\t\t\t\tclass=\"sow-icon-container sow-container-round\"\n\t\t\t\tstyle=\"color: #dd3333; \"\n\t\t\t\ttitle=\"101 Canais\"\n\t\t\t\t\t\t\t>\n\t\t\t\t<span class=\"sow-icon-icomoon\" data-sow-icon=\"&#xe95b;\"\n\t\tstyle=\"font-size: 50px; color: #ffffff\" \n\t\taria-hidden=\"true\"><\/span>\t\t\t<\/div>\n\n\t\t\t<div class=\"textwidget\">\n\t\t\t\t\t\t\t\t\t<div class=\"sow-features-feature-content\">\n\t\t\t\t\n\t\t\t\t\t\t\t\t\t<h5 class=\"sow-features-feature-title\">\n\t\t\t\t\t\tSMART SD\t\t\t\t\t<\/h5>\n\t\t\t\t\n\t\t\t\t\t\t\t\t\t<div class=\"sow-features-feature-text\">\n\t\t\t\t\t<p>SKY SMART \u00e9 mais conte\u00fado infantil. 101 Canais garantem divers\u00e3o para toda sua fam\u00edlia!!! Discovery Kids, GLOOB e Disney Channel<\/p>\n\t\t\t\t\t<\/div>\n\t\t\t\t\t\t\t\t\t\t<\/div>\n\t\t\t\t\t<p class=\"sow-more-text\">\n\t\t\t\t\t\t<a href=\"https:\/\/centralnet.psi.br\/?page_id=498\" >\t\t\t\t\t\tAssine J\u00e1\t\t\t\t\t\t<\/a>\t\t\t\t\t<\/p>\n\t\t\t\t\t\t\t<\/div>\n\t\t\t\t\t\t\t<\/div>\n\t\t\t\t\t\t\t\t<\/li>\n\n\t\t\t<li\n\t\t\tclass=\"sow-features-feature sow-icon-container-position-top\"\n\t\t\tstyle=\"display: flex; flex-direction: column; width: calc(33.333% - 25px);\"\n\t\t>\n\t\t\t\n\t\t\t\t\t\t\t<div class=\"sow-features-feature-right-left-container\" style=\"display: flex; flex-direction: inherit;\">\n\t\t\t\t\t\t\t<div\t\t\t\tclass=\"sow-icon-container sow-container-round\"\n\t\t\t\tstyle=\"color: #dd3333; \"\n\t\t\t\ttitle=\"130 Canais\"\n\t\t\t\t\t\t\t>\n\t\t\t\t<span class=\"sow-icon-icomoon\" data-sow-icon=\"&#xe95b;\"\n\t\tstyle=\"font-size: 50px; color: #ffffff\" \n\t\taria-hidden=\"true\"><\/span>\t\t\t<\/div>\n\n\t\t\t<div class=\"textwidget\">\n\t\t\t\t\t\t\t\t\t<div class=\"sow-features-feature-content\">\n\t\t\t\t\n\t\t\t\t\t\t\t\t\t<h5 class=\"sow-features-feature-title\">\n\t\t\t\t\t\tMASTER SD\t\t\t\t\t<\/h5>\n\t\t\t\t\n\t\t\t\t\t\t\t\t\t<div class=\"sow-features-feature-text\">\n\t\t\t\t\t<p>SKY MASTER SD \u00e9 mais esporte!!! 130 Canais entre esporte, infantil, filmes e series, variedades cultura e not\u00edcias.<\/p>\n\t\t\t\t\t<\/div>\n\t\t\t\t\t\t\t\t\t\t<\/div>\n\t\t\t\t\t<p class=\"sow-more-text\">\n\t\t\t\t\t\t<a href=\"https:\/\/centralnet.psi.br\/?page_id=498\" >\t\t\t\t\t\tAssine J\u00e1\t\t\t\t\t\t<\/a>\t\t\t\t\t<\/p>\n\t\t\t\t\t\t\t<\/div>\n\t\t\t\t\t\t\t<\/div>\n\t\t\t\t\t\t\t\t<\/li>\n\n\t\t\t<li\n\t\t\tclass=\"sow-features-feature sow-icon-container-position-top\"\n\t\t\tstyle=\"display: flex; flex-direction: column; width: calc(33.333% - 25px);\"\n\t\t>\n\t\t\t\n\t\t\t\t\t\t\t<div class=\"sow-features-feature-right-left-container\" style=\"display: flex; flex-direction: inherit;\">\n\t\t\t\t\t\t\t<div\t\t\t\tclass=\"sow-icon-container sow-container-round\"\n\t\t\t\tstyle=\"color: #dd3333; \"\n\t\t\t\ttitle=\"152 Canais\"\n\t\t\t\t\t\t\t>\n\t\t\t\t<span class=\"sow-icon-icomoon\" data-sow-icon=\"&#xe95b;\"\n\t\tstyle=\"font-size: 50px; color: #ffffff\" \n\t\taria-hidden=\"true\"><\/span>\t\t\t<\/div>\n\n\t\t\t<div class=\"textwidget\">\n\t\t\t\t\t\t\t\t\t<div class=\"sow-features-feature-content\">\n\t\t\t\t\n\t\t\t\t\t\t\t\t\t<h5 class=\"sow-features-feature-title\">\n\t\t\t\t\t\tADVANCED HD\t\t\t\t\t<\/h5>\n\t\t\t\t\n\t\t\t\t\t\t\t\t\t<div class=\"sow-features-feature-text\">\n\t\t\t\t\t<p>SKY ADVANCED HD \u00e9 mais filmes e s\u00e9ries!!! Grade completa de canais, somando todos as grades em uma s\u00f3!!!<\/p>\n\t\t\t\t\t<\/div>\n\t\t\t\t\t\t\t\t\t\t<\/div>\n\t\t\t\t\t<p class=\"sow-more-text\">\n\t\t\t\t\t\t<a href=\"https:\/\/centralnet.psi.br\/?page_id=498\" >\t\t\t\t\t\tAssine J\u00e1\t\t\t\t\t\t<\/a>\t\t\t\t\t<\/p>\n\t\t\t\t\t\t\t<\/div>\n\t\t\t\t\t\t\t<\/div>\n\t\t\t\t\t\t\t\t<\/li>\n\n\t<\/ul>\n<\/div><\/div><\/div><\/div><\/div><div id=\"pg-498-3\"  class=\"panel-grid panel-has-style\" ><div class=\"siteorigin-panels-stretch panel-row-style panel-row-style-for-498-3\" data-stretch-type=\"full\" ><div id=\"pgc-498-3-0\"  class=\"panel-grid-cell\" ><div id=\"panel-498-3-0-0\" class=\"so-panel widget widget_sow-headline panel-first-child\" data-index=\"5\" ><div class=\"panel-widget-style panel-widget-style-for-498-3-0-0\" ><div\n\t\t\t\n\t\t\tclass=\"so-widget-sow-headline so-widget-sow-headline-default-25638374aa08-498\"\n\t\t\t\n\t\t><div class=\"sow-headline-container \">\n\t\t\t\t\t\t\t<h1 class=\"sow-headline\">\n\t\t\t\t\t\tSKY P\u00d3S PAGO\t\t\t\t\t\t<\/h1>\n\t\t\t\t\t\t\t\t\t\t\t\t<h3 class=\"sow-sub-headline\">\n\t\t\t\t\t\tN\u00e3o Perca nenhum lance. At\u00e9 14 canais de esportes com imagem e som em HD!!!\t\t\t\t\t\t<\/h3>\n\t\t\t\t\t\t<\/div>\n<\/div><\/div><\/div><div id=\"panel-498-3-0-1\" class=\"so-panel widget widget_sow-features panel-last-child\" data-index=\"6\" ><div\n\t\t\t\n\t\t\tclass=\"so-widget-sow-features so-widget-sow-features-default-4d46cbd6fda0-498\"\n\t\t\t\n\t\t><ul\n\tclass=\"sow-features-list\n\tsow-features-responsive\">\n\n\t\t\t<li\n\t\t\tclass=\"sow-features-feature sow-icon-container-position-top\"\n\t\t\tstyle=\"display: flex; flex-direction: column; width: calc(33.333% - 25px);\"\n\t\t>\n\t\t\t\n\t\t\t\t\t\t\t<div class=\"sow-features-feature-right-left-container\" style=\"display: flex; flex-direction: inherit;\">\n\t\t\t\t\t\t\t<div\t\t\t\tclass=\"sow-icon-container sow-container-round\"\n\t\t\t\tstyle=\"color: #dd3333; \"\n\t\t\t\ttitle=\"101 Canais\"\n\t\t\t\t\t\t\t>\n\t\t\t\t<span class=\"sow-icon-icomoon\" data-sow-icon=\"&#xe95b;\"\n\t\tstyle=\"font-size: 50px; color: #ffffff\" \n\t\taria-hidden=\"true\"><\/span>\t\t\t<\/div>\n\n\t\t\t<div class=\"textwidget\">\n\t\t\t\t\t\t\t\t\t<div class=\"sow-features-feature-content\">\n\t\t\t\t\n\t\t\t\t\t\t\t\t\t<h5 class=\"sow-features-feature-title\">\n\t\t\t\t\t\tSMART HD\t\t\t\t\t<\/h5>\n\t\t\t\t\n\t\t\t\t\t\t\t\t\t<div class=\"sow-features-feature-text\">\n\t\t\t\t\t<p>SKY SMART HD \u00e9 mais conte\u00fado infantil. 101 Canais garantem divers\u00e3o para toda sua fam\u00edlia com canais HD espelhados!!! Discovery Kids, GLOOB e Disney Channel<\/p>\n\t\t\t\t\t<\/div>\n\t\t\t\t\t\t\t\t\t\t<\/div>\n\t\t\t\t\t<p class=\"sow-more-text\">\n\t\t\t\t\t\t<a href=\"https:\/\/centralnet.psi.br\/?page_id=498\" >\t\t\t\t\t\tAssine J\u00e1\t\t\t\t\t\t<\/a>\t\t\t\t\t<\/p>\n\t\t\t\t\t\t\t<\/div>\n\t\t\t\t\t\t\t<\/div>\n\t\t\t\t\t\t\t\t<\/li>\n\n\t\t\t<li\n\t\t\tclass=\"sow-features-feature sow-icon-container-position-top\"\n\t\t\tstyle=\"display: flex; flex-direction: column; width: calc(33.333% - 25px);\"\n\t\t>\n\t\t\t\n\t\t\t\t\t\t\t<div class=\"sow-features-feature-right-left-container\" style=\"display: flex; flex-direction: inherit;\">\n\t\t\t\t\t\t\t<div\t\t\t\tclass=\"sow-icon-container sow-container-round\"\n\t\t\t\tstyle=\"color: #dd3333; \"\n\t\t\t\ttitle=\"136 Canais\"\n\t\t\t\t\t\t\t>\n\t\t\t\t<span class=\"sow-icon-icomoon\" data-sow-icon=\"&#xe95b;\"\n\t\tstyle=\"font-size: 50px; color: #ffffff\" \n\t\taria-hidden=\"true\"><\/span>\t\t\t<\/div>\n\n\t\t\t<div class=\"textwidget\">\n\t\t\t\t\t\t\t\t\t<div class=\"sow-features-feature-content\">\n\t\t\t\t\n\t\t\t\t\t\t\t\t\t<h5 class=\"sow-features-feature-title\">\n\t\t\t\t\t\tMASTER HD\t\t\t\t\t<\/h5>\n\t\t\t\t\n\t\t\t\t\t\t\t\t\t<div class=\"sow-features-feature-text\">\n\t\t\t\t\t<p>SKY MASTER HD \u00e9 mais esporte!!! 136 Canais entre esporte, infantil, filmes e series, variedades cultura e not\u00edcias.<\/p>\n\t\t\t\t\t<\/div>\n\t\t\t\t\t\t\t\t\t\t<\/div>\n\t\t\t\t\t<p class=\"sow-more-text\">\n\t\t\t\t\t\t<a href=\"https:\/\/centralnet.psi.br\/?page_id=498\" >\t\t\t\t\t\tAssine J\u00e1\t\t\t\t\t\t<\/a>\t\t\t\t\t<\/p>\n\t\t\t\t\t\t\t<\/div>\n\t\t\t\t\t\t\t<\/div>\n\t\t\t\t\t\t\t\t<\/li>\n\n\t\t\t<li\n\t\t\tclass=\"sow-features-feature sow-icon-container-position-top\"\n\t\t\tstyle=\"display: flex; flex-direction: column; width: calc(33.333% - 25px);\"\n\t\t>\n\t\t\t\n\t\t\t\t\t\t\t<div class=\"sow-features-feature-right-left-container\" style=\"display: flex; flex-direction: inherit;\">\n\t\t\t\t\t\t\t<div\t\t\t\tclass=\"sow-icon-container sow-container-round\"\n\t\t\t\tstyle=\"color: #dd3333; \"\n\t\t\t\ttitle=\"152 Canais\"\n\t\t\t\t\t\t\t>\n\t\t\t\t<span class=\"sow-icon-icomoon\" data-sow-icon=\"&#xe95b;\"\n\t\tstyle=\"font-size: 50px; color: #ffffff\" \n\t\taria-hidden=\"true\"><\/span>\t\t\t<\/div>\n\n\t\t\t<div class=\"textwidget\">\n\t\t\t\t\t\t\t\t\t<div class=\"sow-features-feature-content\">\n\t\t\t\t\n\t\t\t\t\t\t\t\t\t<h5 class=\"sow-features-feature-title\">\n\t\t\t\t\t\tADVANCED HD\t\t\t\t\t<\/h5>\n\t\t\t\t\n\t\t\t\t\t\t\t\t\t<div class=\"sow-features-feature-text\">\n\t\t\t\t\t<p>SKY ADVANCED HD \u00e9 mais filmes e s\u00e9ries!!! Grade completa de canais, somando todos as grades em uma s\u00f3!!!<\/p>\n\t\t\t\t\t<\/div>\n\t\t\t\t\t\t\t\t\t\t<\/div>\n\t\t\t\t\t<p class=\"sow-more-text\">\n\t\t\t\t\t\t<a href=\"https:\/\/centralnet.psi.br\/?page_id=498\" >\t\t\t\t\t\tAssine J\u00e1\t\t\t\t\t\t<\/a>\t\t\t\t\t<\/p>\n\t\t\t\t\t\t\t<\/div>\n\t\t\t\t\t\t\t<\/div>\n\t\t\t\t\t\t\t\t<\/li>\n\n\t<\/ul>\n<\/div><\/div><\/div><\/div><\/div><div id=\"pg-498-4\"  class=\"panel-grid panel-has-style\" ><div class=\"siteorigin-panels-stretch panel-row-style panel-row-style-for-498-4\" data-stretch-type=\"full\" ><div id=\"pgc-498-4-0\"  class=\"panel-grid-cell\" ><div id=\"panel-498-4-0-0\" class=\"so-panel widget widget_sow-headline panel-first-child\" data-index=\"7\" ><div class=\"panel-widget-style panel-widget-style-for-498-4-0-0\" ><div\n\t\t\t\n\t\t\tclass=\"so-widget-sow-headline so-widget-sow-headline-default-25638374aa08-498\"\n\t\t\t\n\t\t><div class=\"sow-headline-container \">\n\t\t\t\t\t\t\t<h1 class=\"sow-headline\">\n\t\t\t\t\t\t\u00c0 La Carte\t\t\t\t\t\t<\/h1>\n\t\t\t\t\t\t\t\t\t\t\t\t<h3 class=\"sow-sub-headline\">\n\t\t\t\t\t\tCombine sua grade de canais com canais ou eventos a parte!!\t\t\t\t\t\t<\/h3>\n\t\t\t\t\t\t<\/div>\n<\/div><\/div><\/div><div id=\"panel-498-4-0-1\" class=\"so-panel widget widget_black-studio-tinymce widget_black_studio_tinymce panel-last-child\" data-index=\"8\" ><div class=\"textwidget\"><p><img loading=\"lazy\" decoding=\"async\" class=\"size-full wp-image-577 aligncenter\" src=\"http:\/\/centralnet.psi.br\/wp-content\/uploads\/2018\/08\/100-novos-canais-sky-tv-810x376.jpg\" alt=\"\" width=\"810\" height=\"376\" srcset=\"https:\/\/centralnet.psi.br\/wp-content\/uploads\/2018\/08\/100-novos-canais-sky-tv-810x376.jpg 810w, https:\/\/centralnet.psi.br\/wp-content\/uploads\/2018\/08\/100-novos-canais-sky-tv-810x376-300x139.jpg 300w, https:\/\/centralnet.psi.br\/wp-content\/uploads\/2018\/08\/100-novos-canais-sky-tv-810x376-768x357.jpg 768w\" sizes=\"auto, (max-width: 810px) 100vw, 810px\" \/><\/p>\n<\/div><\/div><\/div><\/div><\/div><\/div>","protected":false},"excerpt":{"rendered":"<p>HDTV \u00e9 isso!! Tenha o melhor conte\u00fado da TV por assinatura com a SKY! O que era bom ficou ainda melhor, agora Mat\u00e3o tem SKY. S\u00e3o 20 anos de experiencia no mercado aliados com o maior conte\u00fado de TV por assinatura. Assine J\u00e1! SKY PR\u00c9 PAGO Escolha os canais que voc\u00ea quer assistir e pague&#8230;<\/p>\n","protected":false},"author":1,"featured_media":0,"parent":0,"menu_order":0,"comment_status":"closed","ping_status":"open","template":"full-width-page.php","meta":{"om_disable_all_campaigns":false,"_monsterinsights_skip_tracking":false,"_monsterinsights_sitenote_active":false,"_monsterinsights_sitenote_note":"","_monsterinsights_sitenote_category":0,"footnotes":""},"class_list":["post-498","page","type-page","status-publish","hentry"],"aioseo_notices":[],"_links":{"self":[{"href":"https:\/\/centralnet.psi.br\/index.php?rest_route=\/wp\/v2\/pages\/498","targetHints":{"allow":["GET"]}}],"collection":[{"href":"https:\/\/centralnet.psi.br\/index.php?rest_route=\/wp\/v2\/pages"}],"about":[{"href":"https:\/\/centralnet.psi.br\/index.php?rest_route=\/wp\/v2\/types\/page"}],"author":[{"embeddable":true,"href":"https:\/\/centralnet.psi.br\/index.php?rest_route=\/wp\/v2\/users\/1"}],"replies":[{"embeddable":true,"href":"https:\/\/centralnet.psi.br\/index.php?rest_route=%2Fwp%2Fv2%2Fcomments&post=498"}],"version-history":[{"count":52,"href":"https:\/\/centralnet.psi.br\/index.php?rest_route=\/wp\/v2\/pages\/498\/revisions"}],"predecessor-version":[{"id":580,"href":"https:\/\/centralnet.psi.br\/index.php?rest_route=\/wp\/v2\/pages\/498\/revisions\/580"}],"wp:attachment":[{"href":"https:\/\/centralnet.psi.br\/index.php?rest_route=%2Fwp%2Fv2%2Fmedia&parent=498"}],"curies":[{"name":"wp","href":"https:\/\/api.w.org\/{rel}","templated":true}]}}