{"id":39,"date":"2017-06-05T21:30:16","date_gmt":"2017-06-05T21:30:16","guid":{"rendered":"http:\/\/centralnet.psi.br\/?page_id=39"},"modified":"2022-12-06T12:52:18","modified_gmt":"2022-12-06T12:52:18","slug":"home","status":"publish","type":"page","link":"https:\/\/centralnet.psi.br\/","title":{"rendered":"Home"},"content":{"rendered":"<div id=\"pl-39\"  class=\"panel-layout\" ><div id=\"pg-39-0\"  class=\"panel-grid panel-has-style\" ><div class=\"so-parallax siteorigin-panels-stretch panel-row-style panel-row-style-for-39-0\" data-stretch-type=\"full\" ><img fetchpriority=\"high\" decoding=\"async\" width=\"5472\" height=\"3648\" src=\"https:\/\/centralnet.psi.br\/wp-content\/uploads\/2017\/06\/OBDL960.jpg\" class=\"attachment-full size-full\" alt=\"\" data-siteorigin-parallax=\"true\" loading=\"eager\" srcset=\"https:\/\/centralnet.psi.br\/wp-content\/uploads\/2017\/06\/OBDL960.jpg 5472w, https:\/\/centralnet.psi.br\/wp-content\/uploads\/2017\/06\/OBDL960-300x200.jpg 300w, https:\/\/centralnet.psi.br\/wp-content\/uploads\/2017\/06\/OBDL960-768x512.jpg 768w, https:\/\/centralnet.psi.br\/wp-content\/uploads\/2017\/06\/OBDL960-1024x683.jpg 1024w, https:\/\/centralnet.psi.br\/wp-content\/uploads\/2017\/06\/OBDL960-272x182.jpg 272w\" sizes=\"(max-width: 5472px) 100vw, 5472px\" \/><div id=\"pgc-39-0-0\"  class=\"panel-grid-cell\" ><div id=\"panel-39-0-0-0\" class=\"so-panel widget widget_black-studio-tinymce widget_black_studio_tinymce panel-first-child panel-last-child\" data-index=\"0\" ><div class=\"panel-widget-style panel-widget-style-for-39-0-0-0\" ><div class=\"textwidget\"><p>&nbsp;<\/p>\n<p>&nbsp;<\/p>\n<p>&nbsp;<\/p>\n<p>&nbsp;<\/p>\n<p>&nbsp;<\/p>\n<p style=\"text-align: center;\"><span class=\"inicio-titulo\">Temos a Solu\u00e7\u00e3o<\/span><br \/>\n<span class=\"inicio-sub\">26 anos oferecendo produtos e solu\u00e7\u00f5es em tecnologia<\/span><br \/>\n<a class=\"button black\" href=\"http:\/\/centralnet.psi.br\/?page_id=41\">Servi\u00e7os<\/a> <a class=\"button black-outline\" href=\"http:\/\/centralnet.psi.br\/?page_id=43\">Blog<\/a> <a class=\"button black\" href=\"https:\/\/get.teamviewer.com\/6ni942d\">Suporte Online<\/a><\/p>\n<p style=\"text-align: center;\"><span class=\"\" style=\"display:block;clear:both;height: 0px;padding-top: 380px;border-top-width:0px;border-bottom-width:0px;\"><\/span><\/p>\n<p><script>\n  (function(i,s,o,g,r,a,m){i['GoogleAnalyticsObject']=r;i[r]=i[r]||function(){\n  (i[r].q=i[r].q||[]).push(arguments)},i[r].l=1*new Date();a=s.createElement(o),\n  m=s.getElementsByTagName(o)[0];a.async=1;a.src=g;m.parentNode.insertBefore(a,m)\n  })(window,document,'script','https:\/\/www.google-analytics.com\/analytics.js','ga');<\/p>\n<p>  ga('create', 'UA-101856834-1', 'auto');\n  ga('send', 'pageview');<\/p>\n<p><\/script><\/p>\n<\/div><\/div><\/div><\/div><\/div><\/div><div id=\"pg-39-1\"  class=\"panel-grid panel-no-style\" ><div id=\"pgc-39-1-0\"  class=\"panel-grid-cell\" ><div id=\"panel-39-1-0-0\" class=\"so-panel widget widget_sow-headline panel-first-child panel-last-child\" data-index=\"1\" ><div\n\t\t\t\n\t\t\tclass=\"so-widget-sow-headline so-widget-sow-headline-default-a9ba4e47502d-39\"\n\t\t\t\n\t\t><div class=\"sow-headline-container \">\n\t\t\t\t\t\t\t<h1 class=\"sow-headline\">\n\t\t\t\t\t\tTecnologias..\t\t\t\t\t\t<\/h1>\n\t\t\t\t\t\t\t\t\t\t\t<div class=\"decoration\">\n\t\t\t\t\t\t<div class=\"decoration-inside\"><\/div>\n\t\t\t\t\t<\/div>\n\t\t\t\t\t<\/div>\n<\/div><\/div><\/div><\/div><div id=\"pg-39-2\"  class=\"panel-grid panel-has-style\" ><div class=\"siteorigin-panels-stretch panel-row-style panel-row-style-for-39-2\" data-stretch-type=\"full\" ><div id=\"pgc-39-2-0\"  class=\"panel-grid-cell\" ><div id=\"panel-39-2-0-0\" class=\"so-panel widget widget_black-studio-tinymce widget_black_studio_tinymce panel-first-child panel-last-child\" data-index=\"2\" ><div class=\"textwidget\"><p><span class=\"\" style=\"display:block;clear:both;height: 0px;padding-top: 60px;border-top-width:0px;border-bottom-width:0px;\"><\/span><\/p>\n<p><img loading=\"lazy\" decoding=\"async\" class=\"wp-image-325 alignleft\" src=\"http:\/\/centralnet.psi.br\/wp-content\/uploads\/2017\/06\/aws-300x120.png\" alt=\"\" width=\"180\" height=\"72\" \/> <img loading=\"lazy\" decoding=\"async\" class=\"alignnone  wp-image-353\" src=\"http:\/\/centralnet.psi.br\/wp-content\/uploads\/2017\/06\/google_cloud-1.jpg\" alt=\"\" width=\"137\" height=\"94\" \/> <img loading=\"lazy\" decoding=\"async\" class=\"alignnone  wp-image-354\" src=\"http:\/\/centralnet.psi.br\/wp-content\/uploads\/2017\/06\/microsoft.png\" alt=\"\" width=\"177\" height=\"48\" \/>\u00a0<img loading=\"lazy\" decoding=\"async\" class=\"wp-image-327 alignnone\" src=\"http:\/\/centralnet.psi.br\/wp-content\/uploads\/2017\/06\/oracle-300x71.png\" alt=\"\" width=\"212\" height=\"50\" srcset=\"https:\/\/centralnet.psi.br\/wp-content\/uploads\/2017\/06\/oracle-300x71.png 300w, https:\/\/centralnet.psi.br\/wp-content\/uploads\/2017\/06\/oracle.png 460w\" sizes=\"auto, (max-width: 212px) 100vw, 212px\" \/> <img loading=\"lazy\" decoding=\"async\" class=\"wp-image-328 alignnone\" src=\"http:\/\/centralnet.psi.br\/wp-content\/uploads\/2017\/06\/pfsense-300x75.png\" alt=\"\" width=\"176\" height=\"44\" srcset=\"https:\/\/centralnet.psi.br\/wp-content\/uploads\/2017\/06\/pfsense-300x75.png 300w, https:\/\/centralnet.psi.br\/wp-content\/uploads\/2017\/06\/pfsense.png 451w\" sizes=\"auto, (max-width: 176px) 100vw, 176px\" \/> <img loading=\"lazy\" decoding=\"async\" class=\"wp-image-348 alignnone\" src=\"http:\/\/centralnet.psi.br\/wp-content\/uploads\/2017\/06\/mysql-300x125.png\" alt=\"\" width=\"175\" height=\"73\" srcset=\"https:\/\/centralnet.psi.br\/wp-content\/uploads\/2017\/06\/mysql-300x125.png 300w, https:\/\/centralnet.psi.br\/wp-content\/uploads\/2017\/06\/mysql.png 348w\" sizes=\"auto, (max-width: 175px) 100vw, 175px\" \/><img loading=\"lazy\" decoding=\"async\" class=\"wp-image-329 alignnone\" src=\"http:\/\/centralnet.psi.br\/wp-content\/uploads\/2017\/06\/sqlserver.png\" alt=\"\" width=\"132\" height=\"81\" \/> <img loading=\"lazy\" decoding=\"async\" class=\"wp-image-330 alignnone\" src=\"http:\/\/centralnet.psi.br\/wp-content\/uploads\/2017\/06\/zabbix-300x79.png\" alt=\"\" width=\"179\" height=\"47\" srcset=\"https:\/\/centralnet.psi.br\/wp-content\/uploads\/2017\/06\/zabbix-300x79.png 300w, https:\/\/centralnet.psi.br\/wp-content\/uploads\/2017\/06\/zabbix.png 439w\" sizes=\"auto, (max-width: 179px) 100vw, 179px\" \/><\/p>\n<p><span class=\"\" style=\"display:block;clear:both;height: 0px;padding-top: 60px;border-top-width:0px;border-bottom-width:0px;\"><\/span><\/p>\n<\/div><\/div><\/div><\/div><\/div><div id=\"pg-39-3\"  class=\"panel-grid panel-no-style\" ><div id=\"pgc-39-3-0\"  class=\"panel-grid-cell\" ><div id=\"panel-39-3-0-0\" class=\"so-panel widget widget_sow-headline panel-first-child panel-last-child\" data-index=\"3\" ><div\n\t\t\t\n\t\t\tclass=\"so-widget-sow-headline so-widget-sow-headline-default-f50b5dccfe40-39\"\n\t\t\t\n\t\t><div class=\"sow-headline-container \">\n\t\t\t\t\t\t\t<h1 class=\"sow-headline\">\n\t\t\t\t\t\tClientes..\t\t\t\t\t\t<\/h1>\n\t\t\t\t\t\t\t\t\t\t\t<div class=\"decoration\">\n\t\t\t\t\t\t<div class=\"decoration-inside\"><\/div>\n\t\t\t\t\t<\/div>\n\t\t\t\t\t<\/div>\n<\/div><\/div><\/div><\/div><div id=\"pg-39-4\"  class=\"panel-grid panel-no-style\" ><div id=\"pgc-39-4-0\"  class=\"panel-grid-cell\" ><div id=\"panel-39-4-0-0\" class=\"so-panel widget widget_black-studio-tinymce widget_black_studio_tinymce panel-first-child panel-last-child\" data-index=\"4\" ><div class=\"textwidget\"><p><span class=\"\" style=\"display:block;clear:both;height: 0px;padding-top: 60px;border-top-width:0px;border-bottom-width:0px;\"><\/span><\/p>\n<p><img loading=\"lazy\" decoding=\"async\" class=\"alignnone  wp-image-355\" src=\"http:\/\/centralnet.psi.br\/wp-content\/uploads\/2017\/06\/ata_antoniosi.jpg\" alt=\"\" width=\"150\" height=\"112\" \/> <img loading=\"lazy\" decoding=\"async\" class=\"alignnone  wp-image-357\" src=\"http:\/\/centralnet.psi.br\/wp-content\/uploads\/2017\/06\/bambozzi-300x162.jpg\" alt=\"\" width=\"152\" height=\"82\" srcset=\"https:\/\/centralnet.psi.br\/wp-content\/uploads\/2017\/06\/bambozzi-300x162.jpg 300w, https:\/\/centralnet.psi.br\/wp-content\/uploads\/2017\/06\/bambozzi.jpg 306w\" sizes=\"auto, (max-width: 152px) 100vw, 152px\" \/> <img loading=\"lazy\" decoding=\"async\" class=\"alignnone  wp-image-358\" src=\"http:\/\/centralnet.psi.br\/wp-content\/uploads\/2017\/06\/beonup.png\" alt=\"\" width=\"133\" height=\"100\" \/> <img loading=\"lazy\" decoding=\"async\" class=\"alignnone  wp-image-359\" src=\"http:\/\/centralnet.psi.br\/wp-content\/uploads\/2017\/06\/brasilux.png\" alt=\"\" width=\"152\" height=\"87\" \/> <img loading=\"lazy\" decoding=\"async\" class=\"alignnone  wp-image-360\" src=\"http:\/\/centralnet.psi.br\/wp-content\/uploads\/2017\/06\/cambuhy.jpg\" alt=\"\" width=\"152\" height=\"129\" \/> <img loading=\"lazy\" decoding=\"async\" class=\"alignnone  wp-image-361\" src=\"http:\/\/centralnet.psi.br\/wp-content\/uploads\/2017\/06\/citrosuco-300x158.jpg\" alt=\"\" width=\"167\" height=\"88\" srcset=\"https:\/\/centralnet.psi.br\/wp-content\/uploads\/2017\/06\/citrosuco-300x158.jpg 300w, https:\/\/centralnet.psi.br\/wp-content\/uploads\/2017\/06\/citrosuco.jpg 310w\" sizes=\"auto, (max-width: 167px) 100vw, 167px\" \/> <img loading=\"lazy\" decoding=\"async\" class=\"alignnone  wp-image-362\" src=\"http:\/\/centralnet.psi.br\/wp-content\/uploads\/2017\/06\/elite.jpg\" alt=\"\" width=\"150\" height=\"150\" \/> <img loading=\"lazy\" decoding=\"async\" class=\"alignnone  wp-image-363\" src=\"http:\/\/centralnet.psi.br\/wp-content\/uploads\/2017\/06\/emmes.jpg\" alt=\"\" width=\"153\" height=\"64\" \/> <img loading=\"lazy\" decoding=\"async\" class=\"alignnone  wp-image-364\" src=\"http:\/\/centralnet.psi.br\/wp-content\/uploads\/2017\/06\/finufill.jpg\" alt=\"\" width=\"151\" height=\"93\" \/> <img loading=\"lazy\" decoding=\"async\" class=\"alignnone  wp-image-365\" src=\"http:\/\/centralnet.psi.br\/wp-content\/uploads\/2017\/06\/hosp_mat\u00e3o.jpg\" alt=\"\" width=\"154\" height=\"77\" \/> <img loading=\"lazy\" decoding=\"async\" class=\"alignnone  wp-image-366\" src=\"http:\/\/centralnet.psi.br\/wp-content\/uploads\/2017\/06\/marchesan.png\" alt=\"\" width=\"151\" height=\"102\" \/> <img loading=\"lazy\" decoding=\"async\" class=\"alignnone  wp-image-367\" src=\"http:\/\/centralnet.psi.br\/wp-content\/uploads\/2017\/06\/oximaq-300x162.jpg\" alt=\"\" width=\"154\" height=\"83\" srcset=\"https:\/\/centralnet.psi.br\/wp-content\/uploads\/2017\/06\/oximaq-300x162.jpg 300w, https:\/\/centralnet.psi.br\/wp-content\/uploads\/2017\/06\/oximaq.jpg 305w\" sizes=\"auto, (max-width: 154px) 100vw, 154px\" \/> <img loading=\"lazy\" decoding=\"async\" class=\"alignnone  wp-image-368\" src=\"http:\/\/centralnet.psi.br\/wp-content\/uploads\/2017\/06\/panegossi.jpg\" alt=\"\" width=\"152\" height=\"152\" srcset=\"https:\/\/centralnet.psi.br\/wp-content\/uploads\/2017\/06\/panegossi.jpg 200w, https:\/\/centralnet.psi.br\/wp-content\/uploads\/2017\/06\/panegossi-150x150.jpg 150w\" sizes=\"auto, (max-width: 152px) 100vw, 152px\" \/> <img loading=\"lazy\" decoding=\"async\" class=\"alignnone  wp-image-369\" src=\"http:\/\/centralnet.psi.br\/wp-content\/uploads\/2017\/06\/supley.jpg\" alt=\"\" width=\"151\" height=\"145\" \/> <img loading=\"lazy\" decoding=\"async\" class=\"alignnone  wp-image-370\" src=\"http:\/\/centralnet.psi.br\/wp-content\/uploads\/2017\/06\/syngenta.jpg\" alt=\"\" width=\"151\" height=\"88\" \/> <img loading=\"lazy\" decoding=\"async\" class=\"alignnone  wp-image-371\" src=\"http:\/\/centralnet.psi.br\/wp-content\/uploads\/2017\/06\/trisol.jpg\" alt=\"\" width=\"150\" height=\"145\" \/> <img loading=\"lazy\" decoding=\"async\" class=\"alignnone  wp-image-372\" src=\"http:\/\/centralnet.psi.br\/wp-content\/uploads\/2017\/06\/ventilar.jpg\" alt=\"\" width=\"124\" height=\"61\" \/><img loading=\"lazy\" decoding=\"async\" class=\"alignnone size-full wp-image-356\" src=\"http:\/\/centralnet.psi.br\/wp-content\/uploads\/2017\/06\/baldan.png\" alt=\"\" width=\"179\" height=\"44\" \/><\/p>\n<p><span class=\"\" style=\"display:block;clear:both;height: 0px;padding-top: 60px;border-top-width:0px;border-bottom-width:0px;\"><\/span><\/p>\n<\/div><\/div><\/div><\/div><\/div>","protected":false},"excerpt":{"rendered":"<p>&nbsp; &nbsp; &nbsp; &nbsp; &nbsp; Temos a Solu\u00e7\u00e3o 26 anos oferecendo produtos e solu\u00e7\u00f5es em tecnologia Servi\u00e7os Blog Suporte Online<\/p>\n","protected":false},"author":1,"featured_media":0,"parent":0,"menu_order":0,"comment_status":"closed","ping_status":"open","template":"full-width-page.php","meta":{"om_disable_all_campaigns":false,"_monsterinsights_skip_tracking":false,"_monsterinsights_sitenote_active":false,"_monsterinsights_sitenote_note":"","_monsterinsights_sitenote_category":0,"footnotes":""},"class_list":["post-39","page","type-page","status-publish","hentry"],"aioseo_notices":[],"_links":{"self":[{"href":"https:\/\/centralnet.psi.br\/index.php?rest_route=\/wp\/v2\/pages\/39","targetHints":{"allow":["GET"]}}],"collection":[{"href":"https:\/\/centralnet.psi.br\/index.php?rest_route=\/wp\/v2\/pages"}],"about":[{"href":"https:\/\/centralnet.psi.br\/index.php?rest_route=\/wp\/v2\/types\/page"}],"author":[{"embeddable":true,"href":"https:\/\/centralnet.psi.br\/index.php?rest_route=\/wp\/v2\/users\/1"}],"replies":[{"embeddable":true,"href":"https:\/\/centralnet.psi.br\/index.php?rest_route=%2Fwp%2Fv2%2Fcomments&post=39"}],"version-history":[{"count":166,"href":"https:\/\/centralnet.psi.br\/index.php?rest_route=\/wp\/v2\/pages\/39\/revisions"}],"predecessor-version":[{"id":695,"href":"https:\/\/centralnet.psi.br\/index.php?rest_route=\/wp\/v2\/pages\/39\/revisions\/695"}],"wp:attachment":[{"href":"https:\/\/centralnet.psi.br\/index.php?rest_route=%2Fwp%2Fv2%2Fmedia&parent=39"}],"curies":[{"name":"wp","href":"https:\/\/api.w.org\/{rel}","templated":true}]}}